{"id":217,"date":"2026-01-04T11:09:55","date_gmt":"2026-01-04T11:09:55","guid":{"rendered":"http:\/\/espritautoconcept.fr\/index.php\/services\/"},"modified":"2026-01-04T14:35:21","modified_gmt":"2026-01-04T14:35:21","slug":"services","status":"publish","type":"page","link":"https:\/\/espritautoconcept.fr\/?page_id=217","title":{"rendered":"v\u00e9hicules d&#8217;occasion"},"content":{"rendered":"\t\t<div data-elementor-type=\"wp-post\" data-elementor-id=\"217\" class=\"elementor elementor-217\">\n\t\t\t\t<div class=\"elementor-element elementor-element-6b2d6fe e-flex e-con-boxed e-con e-parent\" data-id=\"6b2d6fe\" data-element_type=\"container\" data-settings=\"{&quot;background_background&quot;:&quot;classic&quot;}\">\n\t\t\t\t\t<div class=\"e-con-inner\">\n\t\t<div class=\"elementor-element elementor-element-98d4ecd e-con-full e-flex e-con e-child\" data-id=\"98d4ecd\" data-element_type=\"container\">\n\t\t\t\t<div class=\"elementor-element elementor-element-c8241a7 elementor-widget elementor-widget-heading\" data-id=\"c8241a7\" data-element_type=\"widget\" data-widget_type=\"heading.default\">\n\t\t\t\t<div class=\"elementor-widget-container\">\n\t\t\t\t\t<h1 class=\"elementor-heading-title elementor-size-default\">achat vente v\u00e9hicule d'occasion<\/h1>\t\t\t\t<\/div>\n\t\t\t\t<\/div>\n\t\t\t\t<div class=\"elementor-element elementor-element-eb43c4a elementor-widget-divider--view-line elementor-widget elementor-widget-divider\" data-id=\"eb43c4a\" data-element_type=\"widget\" data-widget_type=\"divider.default\">\n\t\t\t\t<div class=\"elementor-widget-container\">\n\t\t\t\t\t\t\t<div class=\"elementor-divider\">\n\t\t\t<span class=\"elementor-divider-separator\">\n\t\t\t\t\t\t<\/span>\n\t\t<\/div>\n\t\t\t\t\t\t<\/div>\n\t\t\t\t<\/div>\n\t\t\t\t<div class=\"elementor-element elementor-element-68f603e elementor-widget elementor-widget-text-editor\" data-id=\"68f603e\" data-element_type=\"widget\" data-widget_type=\"text-editor.default\">\n\t\t\t\t<div class=\"elementor-widget-container\">\n\t\t\t\t\t\t\t\t\t<h2><em><strong>Tous nos v\u00e9hicules sont vendu r\u00e9viser et garantie .<\/strong><\/em><\/h2><h2><em><strong>\u00a0services carte grise .<\/strong><\/em><\/h2>\t\t\t\t\t\t\t\t<\/div>\n\t\t\t\t<\/div>\n\t\t\t\t<\/div>\n\t\t\t\t\t<\/div>\n\t\t\t\t<\/div>\n\t\t<div class=\"elementor-element elementor-element-c53c303 e-flex e-con-boxed e-con e-parent\" data-id=\"c53c303\" data-element_type=\"container\" data-settings=\"{&quot;background_background&quot;:&quot;classic&quot;}\">\n\t\t\t\t\t<div class=\"e-con-inner\">\n\t\t<div class=\"elementor-element elementor-element-a0d9283 e-con-full e-flex e-con e-child\" data-id=\"a0d9283\" data-element_type=\"container\">\n\t\t\t\t<div class=\"elementor-element elementor-element-ff21b0c elementor-widget-divider--view-line elementor-widget elementor-widget-divider\" data-id=\"ff21b0c\" data-element_type=\"widget\" data-widget_type=\"divider.default\">\n\t\t\t\t<div class=\"elementor-widget-container\">\n\t\t\t\t\t\t\t<div class=\"elementor-divider\">\n\t\t\t<span class=\"elementor-divider-separator\">\n\t\t\t\t\t\t<\/span>\n\t\t<\/div>\n\t\t\t\t\t\t<\/div>\n\t\t\t\t<\/div>\n\t\t\t\t<\/div>\n\t\t\t\t\t<\/div>\n\t\t\t\t<\/div>\n\t\t<div class=\"elementor-element elementor-element-16e0e39 e-grid e-con-full e-con e-parent\" data-id=\"16e0e39\" data-element_type=\"container\">\n\t\t\t\t<div class=\"elementor-element elementor-element-48422d6 elementor-widget elementor-widget-image\" data-id=\"48422d6\" data-element_type=\"widget\" data-widget_type=\"image.default\">\n\t\t\t\t<div class=\"elementor-widget-container\">\n\t\t\t\t\t\t\t\t\t\t\t\t\t\t\t<img fetchpriority=\"high\" decoding=\"async\" width=\"768\" height=\"576\" src=\"https:\/\/espritautoconcept.fr\/wp-content\/uploads\/2026\/01\/5586504121181832406-768x576.jpeg\" class=\"attachment-medium_large size-medium_large wp-image-2356\" alt=\"5586504121181832406\" srcset=\"https:\/\/espritautoconcept.fr\/wp-content\/uploads\/2026\/01\/5586504121181832406-768x576.jpeg 768w, https:\/\/espritautoconcept.fr\/wp-content\/uploads\/2026\/01\/5586504121181832406-300x225.jpeg 300w, https:\/\/espritautoconcept.fr\/wp-content\/uploads\/2026\/01\/5586504121181832406.jpeg 800w\" sizes=\"(max-width: 768px) 100vw, 768px\" title=\"v\u00e9hicules d&#039;occasion\">\t\t\t\t\t\t\t\t\t\t\t\t\t\t\t<\/div>\n\t\t\t\t<\/div>\n\t\t\t\t<div class=\"elementor-element elementor-element-570fa72 elementor-widget elementor-widget-image\" data-id=\"570fa72\" data-element_type=\"widget\" data-widget_type=\"image.default\">\n\t\t\t\t<div class=\"elementor-widget-container\">\n\t\t\t\t\t\t\t\t\t\t\t\t\t\t\t<img decoding=\"async\" width=\"768\" height=\"576\" src=\"https:\/\/espritautoconcept.fr\/wp-content\/uploads\/2026\/01\/1914018368990298981-768x576.jpeg\" class=\"attachment-medium_large size-medium_large wp-image-2365\" alt=\"1914018368990298981\" srcset=\"https:\/\/espritautoconcept.fr\/wp-content\/uploads\/2026\/01\/1914018368990298981-768x576.jpeg 768w, https:\/\/espritautoconcept.fr\/wp-content\/uploads\/2026\/01\/1914018368990298981-300x225.jpeg 300w, https:\/\/espritautoconcept.fr\/wp-content\/uploads\/2026\/01\/1914018368990298981.jpeg 800w\" sizes=\"(max-width: 768px) 100vw, 768px\" title=\"v\u00e9hicules d&#039;occasion\">\t\t\t\t\t\t\t\t\t\t\t\t\t\t\t<\/div>\n\t\t\t\t<\/div>\n\t\t\t\t<div class=\"elementor-element elementor-element-3aa1f40 elementor-widget elementor-widget-image\" data-id=\"3aa1f40\" data-element_type=\"widget\" data-widget_type=\"image.default\">\n\t\t\t\t<div class=\"elementor-widget-container\">\n\t\t\t\t\t\t\t\t\t\t\t\t\t\t\t<img decoding=\"async\" width=\"768\" height=\"576\" src=\"https:\/\/espritautoconcept.fr\/wp-content\/uploads\/2026\/01\/6711697667539735105-768x576.jpeg\" class=\"attachment-medium_large size-medium_large wp-image-2354\" alt=\"6711697667539735105\" srcset=\"https:\/\/espritautoconcept.fr\/wp-content\/uploads\/2026\/01\/6711697667539735105-768x576.jpeg 768w, https:\/\/espritautoconcept.fr\/wp-content\/uploads\/2026\/01\/6711697667539735105-300x225.jpeg 300w, https:\/\/espritautoconcept.fr\/wp-content\/uploads\/2026\/01\/6711697667539735105.jpeg 800w\" sizes=\"(max-width: 768px) 100vw, 768px\" title=\"v\u00e9hicules d&#039;occasion\">\t\t\t\t\t\t\t\t\t\t\t\t\t\t\t<\/div>\n\t\t\t\t<\/div>\n\t\t\t\t<div class=\"elementor-element elementor-element-0216015 elementor-widget elementor-widget-image\" data-id=\"0216015\" data-element_type=\"widget\" data-widget_type=\"image.default\">\n\t\t\t\t<div class=\"elementor-widget-container\">\n\t\t\t\t\t\t\t\t\t\t\t\t\t\t\t<img loading=\"lazy\" decoding=\"async\" width=\"800\" height=\"600\" src=\"https:\/\/espritautoconcept.fr\/wp-content\/uploads\/2026\/01\/4318005402015372477.jpeg\" class=\"attachment-large size-large wp-image-2352\" alt=\"4318005402015372477\" srcset=\"https:\/\/espritautoconcept.fr\/wp-content\/uploads\/2026\/01\/4318005402015372477.jpeg 800w, https:\/\/espritautoconcept.fr\/wp-content\/uploads\/2026\/01\/4318005402015372477-300x225.jpeg 300w, https:\/\/espritautoconcept.fr\/wp-content\/uploads\/2026\/01\/4318005402015372477-768x576.jpeg 768w\" sizes=\"(max-width: 800px) 100vw, 800px\" title=\"v\u00e9hicules d&#039;occasion\">\t\t\t\t\t\t\t\t\t\t\t\t\t\t\t<\/div>\n\t\t\t\t<\/div>\n\t\t\t\t<div class=\"elementor-element elementor-element-4f16143 elementor-widget elementor-widget-image\" data-id=\"4f16143\" data-element_type=\"widget\" data-widget_type=\"image.default\">\n\t\t\t\t<div class=\"elementor-widget-container\">\n\t\t\t\t\t\t\t\t\t\t\t\t\t\t\t<img loading=\"lazy\" decoding=\"async\" width=\"683\" height=\"1024\" src=\"https:\/\/espritautoconcept.fr\/wp-content\/uploads\/2026\/01\/1515029950397811236-683x1024.jpg\" class=\"attachment-large size-large wp-image-2358\" alt=\"1515029950397811236\" srcset=\"https:\/\/espritautoconcept.fr\/wp-content\/uploads\/2026\/01\/1515029950397811236-683x1024.jpg 683w, https:\/\/espritautoconcept.fr\/wp-content\/uploads\/2026\/01\/1515029950397811236-200x300.jpg 200w, https:\/\/espritautoconcept.fr\/wp-content\/uploads\/2026\/01\/1515029950397811236-768x1152.jpg 768w, https:\/\/espritautoconcept.fr\/wp-content\/uploads\/2026\/01\/1515029950397811236.jpg 1024w\" sizes=\"(max-width: 683px) 100vw, 683px\" title=\"v\u00e9hicules d&#039;occasion\">\t\t\t\t\t\t\t\t\t\t\t\t\t\t\t<\/div>\n\t\t\t\t<\/div>\n\t\t\t\t<div class=\"elementor-element elementor-element-4c0b6eb elementor-widget elementor-widget-image\" data-id=\"4c0b6eb\" data-element_type=\"widget\" data-widget_type=\"image.default\">\n\t\t\t\t<div class=\"elementor-widget-container\">\n\t\t\t\t\t\t\t\t\t\t\t\t\t\t\t<img loading=\"lazy\" decoding=\"async\" width=\"800\" height=\"600\" src=\"https:\/\/espritautoconcept.fr\/wp-content\/uploads\/2026\/01\/4740907376517827876.jpeg\" class=\"attachment-large size-large wp-image-2353\" alt=\"4740907376517827876\" srcset=\"https:\/\/espritautoconcept.fr\/wp-content\/uploads\/2026\/01\/4740907376517827876.jpeg 800w, https:\/\/espritautoconcept.fr\/wp-content\/uploads\/2026\/01\/4740907376517827876-300x225.jpeg 300w, https:\/\/espritautoconcept.fr\/wp-content\/uploads\/2026\/01\/4740907376517827876-768x576.jpeg 768w\" sizes=\"(max-width: 800px) 100vw, 800px\" title=\"v\u00e9hicules d&#039;occasion\">\t\t\t\t\t\t\t\t\t\t\t\t\t\t\t<\/div>\n\t\t\t\t<\/div>\n\t\t\t\t<\/div>\n\t\t<div class=\"elementor-element elementor-element-ab765f7 e-grid e-con-full e-con e-parent\" data-id=\"ab765f7\" data-element_type=\"container\">\n\t\t\t\t<div class=\"elementor-element elementor-element-38d918d elementor-widget elementor-widget-image\" data-id=\"38d918d\" data-element_type=\"widget\" data-widget_type=\"image.default\">\n\t\t\t\t<div class=\"elementor-widget-container\">\n\t\t\t\t\t\t\t\t\t\t\t\t\t\t\t<img loading=\"lazy\" decoding=\"async\" width=\"768\" height=\"576\" src=\"https:\/\/espritautoconcept.fr\/wp-content\/uploads\/2026\/01\/2161869132047380296-768x576.jpeg\" class=\"attachment-medium_large size-medium_large wp-image-2363\" alt=\"2161869132047380296\" srcset=\"https:\/\/espritautoconcept.fr\/wp-content\/uploads\/2026\/01\/2161869132047380296-768x576.jpeg 768w, https:\/\/espritautoconcept.fr\/wp-content\/uploads\/2026\/01\/2161869132047380296-300x225.jpeg 300w, https:\/\/espritautoconcept.fr\/wp-content\/uploads\/2026\/01\/2161869132047380296.jpeg 800w\" sizes=\"(max-width: 768px) 100vw, 768px\" title=\"v\u00e9hicules d&#039;occasion\">\t\t\t\t\t\t\t\t\t\t\t\t\t\t\t<\/div>\n\t\t\t\t<\/div>\n\t\t\t\t<div class=\"elementor-element elementor-element-f4ebc72 elementor-widget elementor-widget-image\" data-id=\"f4ebc72\" data-element_type=\"widget\" data-widget_type=\"image.default\">\n\t\t\t\t<div class=\"elementor-widget-container\">\n\t\t\t\t\t\t\t\t\t\t\t\t\t\t\t<img loading=\"lazy\" decoding=\"async\" width=\"768\" height=\"576\" src=\"https:\/\/espritautoconcept.fr\/wp-content\/uploads\/2026\/01\/7728121002534197880-768x576.jpeg\" class=\"attachment-medium_large size-medium_large wp-image-2357\" alt=\"7728121002534197880\" srcset=\"https:\/\/espritautoconcept.fr\/wp-content\/uploads\/2026\/01\/7728121002534197880-768x576.jpeg 768w, https:\/\/espritautoconcept.fr\/wp-content\/uploads\/2026\/01\/7728121002534197880-300x225.jpeg 300w, https:\/\/espritautoconcept.fr\/wp-content\/uploads\/2026\/01\/7728121002534197880.jpeg 800w\" sizes=\"(max-width: 768px) 100vw, 768px\" title=\"v\u00e9hicules d&#039;occasion\">\t\t\t\t\t\t\t\t\t\t\t\t\t\t\t<\/div>\n\t\t\t\t<\/div>\n\t\t\t\t<div class=\"elementor-element elementor-element-fd0543d elementor-widget elementor-widget-image\" data-id=\"fd0543d\" data-element_type=\"widget\" data-widget_type=\"image.default\">\n\t\t\t\t<div class=\"elementor-widget-container\">\n\t\t\t\t\t\t\t\t\t\t\t\t\t\t\t<img loading=\"lazy\" decoding=\"async\" width=\"800\" height=\"600\" src=\"https:\/\/espritautoconcept.fr\/wp-content\/uploads\/2026\/01\/4737726617418157263.jpeg\" class=\"attachment-large size-large wp-image-2355\" alt=\"4737726617418157263\" srcset=\"https:\/\/espritautoconcept.fr\/wp-content\/uploads\/2026\/01\/4737726617418157263.jpeg 800w, https:\/\/espritautoconcept.fr\/wp-content\/uploads\/2026\/01\/4737726617418157263-300x225.jpeg 300w, https:\/\/espritautoconcept.fr\/wp-content\/uploads\/2026\/01\/4737726617418157263-768x576.jpeg 768w\" sizes=\"(max-width: 800px) 100vw, 800px\" title=\"v\u00e9hicules d&#039;occasion\">\t\t\t\t\t\t\t\t\t\t\t\t\t\t\t<\/div>\n\t\t\t\t<\/div>\n\t\t\t\t<div class=\"elementor-element elementor-element-0290a90 elementor-widget elementor-widget-image\" data-id=\"0290a90\" data-element_type=\"widget\" data-widget_type=\"image.default\">\n\t\t\t\t<div class=\"elementor-widget-container\">\n\t\t\t\t\t\t\t\t\t\t\t\t\t\t\t<img loading=\"lazy\" decoding=\"async\" width=\"768\" height=\"576\" src=\"https:\/\/espritautoconcept.fr\/wp-content\/uploads\/2026\/01\/4730139818247240616-768x576.jpeg\" class=\"attachment-medium_large size-medium_large wp-image-2364\" alt=\"4730139818247240616\" srcset=\"https:\/\/espritautoconcept.fr\/wp-content\/uploads\/2026\/01\/4730139818247240616-768x576.jpeg 768w, https:\/\/espritautoconcept.fr\/wp-content\/uploads\/2026\/01\/4730139818247240616-300x225.jpeg 300w, https:\/\/espritautoconcept.fr\/wp-content\/uploads\/2026\/01\/4730139818247240616.jpeg 800w\" sizes=\"(max-width: 768px) 100vw, 768px\" title=\"v\u00e9hicules d&#039;occasion\">\t\t\t\t\t\t\t\t\t\t\t\t\t\t\t<\/div>\n\t\t\t\t<\/div>\n\t\t\t\t<div class=\"elementor-element elementor-element-31a7235 elementor-widget elementor-widget-image\" data-id=\"31a7235\" data-element_type=\"widget\" data-widget_type=\"image.default\">\n\t\t\t\t<div class=\"elementor-widget-container\">\n\t\t\t\t\t\t\t\t\t\t\t\t\t\t\t<img loading=\"lazy\" decoding=\"async\" width=\"683\" height=\"1024\" src=\"https:\/\/espritautoconcept.fr\/wp-content\/uploads\/2026\/01\/6621814580087179124-683x1024.jpg\" class=\"attachment-large size-large wp-image-2361\" alt=\"6621814580087179124\" srcset=\"https:\/\/espritautoconcept.fr\/wp-content\/uploads\/2026\/01\/6621814580087179124-683x1024.jpg 683w, https:\/\/espritautoconcept.fr\/wp-content\/uploads\/2026\/01\/6621814580087179124-200x300.jpg 200w, https:\/\/espritautoconcept.fr\/wp-content\/uploads\/2026\/01\/6621814580087179124-768x1152.jpg 768w, https:\/\/espritautoconcept.fr\/wp-content\/uploads\/2026\/01\/6621814580087179124.jpg 1024w\" sizes=\"(max-width: 683px) 100vw, 683px\" title=\"v\u00e9hicules d&#039;occasion\">\t\t\t\t\t\t\t\t\t\t\t\t\t\t\t<\/div>\n\t\t\t\t<\/div>\n\t\t\t\t<div class=\"elementor-element elementor-element-81f9389 elementor-widget elementor-widget-image\" data-id=\"81f9389\" data-element_type=\"widget\" data-widget_type=\"image.default\">\n\t\t\t\t<div class=\"elementor-widget-container\">\n\t\t\t\t\t\t\t\t\t\t\t\t\t\t\t<img loading=\"lazy\" decoding=\"async\" width=\"768\" height=\"512\" src=\"https:\/\/espritautoconcept.fr\/wp-content\/uploads\/2026\/01\/5050433609861191281-768x512.jpg\" class=\"attachment-medium_large size-medium_large wp-image-2359\" alt=\"5050433609861191281\" srcset=\"https:\/\/espritautoconcept.fr\/wp-content\/uploads\/2026\/01\/5050433609861191281-768x512.jpg 768w, https:\/\/espritautoconcept.fr\/wp-content\/uploads\/2026\/01\/5050433609861191281-300x200.jpg 300w, https:\/\/espritautoconcept.fr\/wp-content\/uploads\/2026\/01\/5050433609861191281-1024x683.jpg 1024w, https:\/\/espritautoconcept.fr\/wp-content\/uploads\/2026\/01\/5050433609861191281.jpg 1536w\" sizes=\"(max-width: 768px) 100vw, 768px\" title=\"v\u00e9hicules d&#039;occasion\">\t\t\t\t\t\t\t\t\t\t\t\t\t\t\t<\/div>\n\t\t\t\t<\/div>\n\t\t\t\t<\/div>\n\t\t<div class=\"elementor-element elementor-element-6911755 e-flex e-con-boxed e-con e-parent\" data-id=\"6911755\" data-element_type=\"container\">\n\t\t\t\t\t<div class=\"e-con-inner\">\n\t\t\t\t<div class=\"elementor-element elementor-element-3eb10aa elementor-widget elementor-widget-heading\" data-id=\"3eb10aa\" data-element_type=\"widget\" data-widget_type=\"heading.default\">\n\t\t\t\t<div class=\"elementor-widget-container\">\n\t\t\t\t\t<h2 class=\"elementor-heading-title elementor-size-default\">service carte grise <br><\/h2>\t\t\t\t<\/div>\n\t\t\t\t<\/div>\n\t\t\t\t\t<\/div>\n\t\t\t\t<\/div>\n\t\t<div class=\"elementor-element elementor-element-cf67ec9 e-flex e-con-boxed e-con e-parent\" data-id=\"cf67ec9\" data-element_type=\"container\">\n\t\t\t\t\t<div class=\"e-con-inner\">\n\t\t\t\t<div class=\"elementor-element elementor-element-68a6991 elementor-widget elementor-widget-image\" data-id=\"68a6991\" data-element_type=\"widget\" data-widget_type=\"image.default\">\n\t\t\t\t<div class=\"elementor-widget-container\">\n\t\t\t\t\t\t\t\t\t\t\t\t\t\t\t<img loading=\"lazy\" decoding=\"async\" width=\"683\" height=\"1024\" src=\"https:\/\/espritautoconcept.fr\/wp-content\/uploads\/2026\/01\/7425574800713899885-683x1024.jpg\" class=\"attachment-large size-large wp-image-2362\" alt=\"7425574800713899885\" srcset=\"https:\/\/espritautoconcept.fr\/wp-content\/uploads\/2026\/01\/7425574800713899885-683x1024.jpg 683w, https:\/\/espritautoconcept.fr\/wp-content\/uploads\/2026\/01\/7425574800713899885-200x300.jpg 200w, https:\/\/espritautoconcept.fr\/wp-content\/uploads\/2026\/01\/7425574800713899885-768x1152.jpg 768w, https:\/\/espritautoconcept.fr\/wp-content\/uploads\/2026\/01\/7425574800713899885.jpg 1024w\" sizes=\"(max-width: 683px) 100vw, 683px\" title=\"v\u00e9hicules d&#039;occasion\">\t\t\t\t\t\t\t\t\t\t\t\t\t\t\t<\/div>\n\t\t\t\t<\/div>\n\t\t\t\t\t<\/div>\n\t\t\t\t<\/div>\n\t\t\t\t<\/div>\n\t\t","protected":false},"excerpt":{"rendered":"<p>achat vente v\u00e9hicule d&#8217;occasion Tous nos v\u00e9hicules sont vendu r\u00e9viser et garantie . \u00a0services carte grise . service carte grise<\/p>\n","protected":false},"author":1,"featured_media":0,"parent":0,"menu_order":0,"comment_status":"closed","ping_status":"closed","template":"","meta":{"site-sidebar-layout":"no-sidebar","site-content-layout":"page-builder","ast-site-content-layout":"full-width-container","site-content-style":"unboxed","site-sidebar-style":"unboxed","ast-global-header-display":"","ast-banner-title-visibility":"","ast-main-header-display":"","ast-hfb-above-header-display":"","ast-hfb-below-header-display":"","ast-hfb-mobile-header-display":"","site-post-title":"disabled","ast-breadcrumbs-content":"","ast-featured-img":"disabled","footer-sml-layout":"","ast-disable-related-posts":"","theme-transparent-header-meta":"enabled","adv-header-id-meta":"","stick-header-meta":"","header-above-stick-meta":"","header-main-stick-meta":"","header-below-stick-meta":"","astra-migrate-meta-layouts":"set","ast-page-background-enabled":"default","ast-page-background-meta":{"desktop":{"background-color":"","background-image":"","background-repeat":"repeat","background-position":"center center","background-size":"auto","background-attachment":"scroll","background-type":"","background-media":"","overlay-type":"","overlay-color":"","overlay-opacity":"","overlay-gradient":""},"tablet":{"background-color":"","background-image":"","background-repeat":"repeat","background-position":"center center","background-size":"auto","background-attachment":"scroll","background-type":"","background-media":"","overlay-type":"","overlay-color":"","overlay-opacity":"","overlay-gradient":""},"mobile":{"background-color":"","background-image":"","background-repeat":"repeat","background-position":"center center","background-size":"auto","background-attachment":"scroll","background-type":"","background-media":"","overlay-type":"","overlay-color":"","overlay-opacity":"","overlay-gradient":""}},"ast-content-background-meta":{"desktop":{"background-color":"var(--ast-global-color-5)","background-image":"","background-repeat":"repeat","background-position":"center center","background-size":"auto","background-attachment":"scroll","background-type":"","background-media":"","overlay-type":"","overlay-color":"","overlay-opacity":"","overlay-gradient":""},"tablet":{"background-color":"var(--ast-global-color-5)","background-image":"","background-repeat":"repeat","background-position":"center center","background-size":"auto","background-attachment":"scroll","background-type":"","background-media":"","overlay-type":"","overlay-color":"","overlay-opacity":"","overlay-gradient":""},"mobile":{"background-color":"var(--ast-global-color-5)","background-image":"","background-repeat":"repeat","background-position":"center center","background-size":"auto","background-attachment":"scroll","background-type":"","background-media":"","overlay-type":"","overlay-color":"","overlay-opacity":"","overlay-gradient":""}},"footnotes":""},"class_list":["post-217","page","type-page","status-publish","hentry"],"_links":{"self":[{"href":"https:\/\/espritautoconcept.fr\/index.php?rest_route=\/wp\/v2\/pages\/217","targetHints":{"allow":["GET"]}}],"collection":[{"href":"https:\/\/espritautoconcept.fr\/index.php?rest_route=\/wp\/v2\/pages"}],"about":[{"href":"https:\/\/espritautoconcept.fr\/index.php?rest_route=\/wp\/v2\/types\/page"}],"author":[{"embeddable":true,"href":"https:\/\/espritautoconcept.fr\/index.php?rest_route=\/wp\/v2\/users\/1"}],"replies":[{"embeddable":true,"href":"https:\/\/espritautoconcept.fr\/index.php?rest_route=%2Fwp%2Fv2%2Fcomments&post=217"}],"version-history":[{"count":16,"href":"https:\/\/espritautoconcept.fr\/index.php?rest_route=\/wp\/v2\/pages\/217\/revisions"}],"predecessor-version":[{"id":2382,"href":"https:\/\/espritautoconcept.fr\/index.php?rest_route=\/wp\/v2\/pages\/217\/revisions\/2382"}],"wp:attachment":[{"href":"https:\/\/espritautoconcept.fr\/index.php?rest_route=%2Fwp%2Fv2%2Fmedia&parent=217"}],"curies":[{"name":"wp","href":"https:\/\/api.w.org\/{rel}","templated":true}]}}